{"id":510,"date":"2022-04-14T02:07:33","date_gmt":"2022-04-14T02:07:33","guid":{"rendered":"https:\/\/relampeio.com.br\/?page_id=510"},"modified":"2022-07-27T03:19:40","modified_gmt":"2022-07-27T03:19:40","slug":"quem-somos","status":"publish","type":"page","link":"https:\/\/relampeio.com.br\/es\/quem-somos\/","title":{"rendered":"Quienes somos"},"content":{"rendered":"<p><\/p>\n<div class=\"entry-content\">\n<p><b>COORDINACI\u00d3N<\/b><\/p>\n<p><b>Bruno M\u00fcller<\/b><b>:<\/b> \u00a0Educador de arte, dise\u00f1ador y traductor, enfocado en juegos narrativos, ilustraci\u00f3n y cartograf\u00eda fant\u00e1stica<a href=\"http:\/\/brunomuller.net\/\"> Site<\/a> |<a href=\"https:\/\/twitter.com\/brnmuller\"> Twitter<\/a> |<a href=\"https:\/\/instagram.com\/brnmuller\"> Instagram<\/a> |<a href=\"http:\/\/encontrosaleatorios.com.br\/\"> Encontros Aleat\u00f3rios<\/a><\/p>\n<p><b>Deborah Happ:<\/b> Escritora y guionista de terror social y, en ocasiones, poes\u00eda. Co-creadora de Fant\u00e1stika 451. Cuentos publicados en los libros \u00abCurva do Rio\u00bb, de la editora Giostri, \u00abCarne de Carnaval\u00bb, de la editora Patu\u00e1, y otras obras por venir.<a href=\"https:\/\/deborahhapp.herokuapp.com\/\"> Site<\/a> |<a href=\"https:\/\/www.instagram.com\/deeeehapp\/\"> Instagram<\/a> |<a href=\"https:\/\/twitter.com\/deeeehapp\"> Twitter<\/a> |<a href=\"https:\/\/deborah-happ.minestore.com.br\/\"> Loja<\/a><\/p>\n<p><b>Kali de los Santos: <\/b>Traductora, escritora y guionista de terror, fantas\u00eda y ciencia ficci\u00f3n, dise\u00f1adora narrativa de juegos e investigadora en Escritura Creativa. Tiene cuentos publicados en antolog\u00edas en Brasil y en la revista Strange Horizons.<a href=\"http:\/\/www.kalidelossantos.com\/\"> Site<\/a> |<a href=\"https:\/\/twitter.com\/kalidelossantos\"> Twitter<\/a> |<a href=\"https:\/\/www.instagram.com\/kalidelossantos\"> Instagram<\/a><\/p>\n<p><b>L\u00edgia Colares: <\/b>Publicit\u00e1ria enfocada al marketing digital. Trabaja en Boitempo Editorial, es coanfitriona del podcast literario Boteco dos Versados.\u00a0<a href=\"https:\/\/twitter.com\/ligiaccolares\"> Twitter<\/a> |<a href=\"https:\/\/instagram.com\/ligiaccolares\"> Instagram<\/a> |<a href=\"https:\/\/open.spotify.com\/show\/1UFPXneZBzZiDMLnT5MO2H?si=R00Y-2nASxqe5b8zJ24xgA&amp;nd=1\"> Podcast Boteco dos Versados<\/a><\/p>\n<p><b>Maria Carol Casati <\/b>\u00e9 professora, escreve e se dedica a pesquisas usando a metodologia da hist\u00f3ria oral. \u00c9 idealizadora do @encruzilinhas, doutoranda da EACH-USP, do Programa de P\u00f3s-Gradua\u00e7\u00e3o em Mudan\u00e7a Social e Participa\u00e7\u00e3o Pol\u00edtica. <a href=\"https:\/\/www.instagram.com\/encruzilinhas\">Instagram<\/a><\/p>\n<p><b>Mayara Barbosa<\/b> \u00e9 formada em Letras pela USP. \u00c9 pesquisadora e desenvolveu inicia\u00e7\u00e3o cient\u00edfica em Literatura Comparada sobre ra\u00e7a, g\u00eanero e afrofuturismo em Kindred, de Octavia Butler. <a href=\"https:\/\/www.instagram.com\/_semtitulo_\">Instagram<\/a> | <a href=\"https:\/\/twitter.com\/Mdemisandrica\">Twitter<\/a><\/p>\n<p><b>Priscila Saatmam:<\/b>\u00a0 Escritora, activista por causas de personas con discapacidades, parte del equipo de podcasts: Boteco dos Versados \u200b\u200by Central PwD. Escribe sobre sus experiencias literarias en el Blog Bugiganga Liter\u00e1ria. Actualmente vive en Pernambuco con sus tres gatos.<a href=\"https:\/\/bugigangaliteraria.blogspot.com\/?m=1\"> Site<\/a> |<a href=\"https:\/\/twitter.com\/thepristar?s=09\"> Twitter<\/a><\/p>\n<p><b>Renata Oliveira do Prado<\/b>\u00a0 es periodista, locutora, escritora, social media en<a href=\"https:\/\/revistapesquisa.fapesp.br\/\"> \u00a0Revista Pesquisa FAPESP<\/a> y forma parte del consejo editorial de<a href=\"https:\/\/fantastika451.com.br\/\"> Revista Fant\u00e1stika 451<\/a>. Siempre est\u00e1 leyendo y estudiando algo sobre literatura, cr\u00edtica, filosof\u00eda o cine. Actualmente se ha dedicado a investigar literatura fant\u00e1stica escrita por mujeres en Am\u00e9rica Latina, teor\u00eda queer y feminismo decolonial..<a href=\"https:\/\/www.instagram.com\/srtarenata\"> Instagram<\/a> |<a href=\"https:\/\/twitter.com\/srtarenata\"> Twitter<\/a><\/p>\n<p><b>Priscila Dantas:<\/b> actualmente divide las tareas entre la investigaci\u00f3n de la maestr\u00eda en Literatura Hispanoamericana, enfocada en la distop\u00eda producida en el siglo XXI en Argentina y la publicaci\u00f3n de textos en el blog.\u00a0 <a href=\"https:\/\/www.instagram.com\/priscilibus\">Instagram<\/a> |<a href=\"http:\/\/priscilibus.com.br\"> Site<\/a><\/p>\n<\/div>\n<p><\/p>\n<div class=\"entry-content\">\n<p><b>COORDINACI\u00d3N<\/b><\/p>\n<p><b>Bruno M\u00fcller<\/b><b>:<\/b> <span data-sheets-value=\"{&quot;1&quot;:2,&quot;2&quot;:&quot;Arte-educador, dise\u00f1ador, traductor y preparador de texto. Trabaja principalmente con ilustraci\u00f3n de cartograf\u00eda fant\u00e1stica para RPGs y literatura fant\u00e1stica.&quot;}\" data-sheets-userformat=\"{&quot;2&quot;:897,&quot;3&quot;:{&quot;1&quot;:0},&quot;10&quot;:1,&quot;11&quot;:4,&quot;12&quot;:0}\">Arte-educador, dise\u00f1ador, traductor y preparador de texto. Trabaja principalmente con ilustraci\u00f3n de cartograf\u00eda fant\u00e1stica para RPGs y literatura fant\u00e1stica.\u00a0<\/span><a href=\"http:\/\/brunomuller.net\/\"> Site<\/a> |<a href=\"https:\/\/twitter.com\/brnmuller\"> Twitter<\/a> |<a href=\"https:\/\/instagram.com\/brnmuller\"> Instagram<\/a> |<a href=\"http:\/\/encontrosaleatorios.com.br\/\"> Encontros Aleat\u00f3rios<\/a><\/p>\n<p><b>Danilo Heitor:<\/b> <span data-sheets-value=\"{&quot;1&quot;:2,&quot;2&quot;:&quot;Danilo Heitor vive en S\u00e3o Paulo, SP, y es profesor de Geograf\u00eda, anarquista y corinthiano. Navega por los g\u00e9neros de la ficci\u00f3n especulativa y lanz\u00f3 su primer libro, \\&quot;Consigo\\&quot; (Editora Primata), en 2021. &quot;}\" data-sheets-userformat=\"{&quot;2&quot;:897,&quot;3&quot;:{&quot;1&quot;:0},&quot;10&quot;:1,&quot;11&quot;:4,&quot;12&quot;:0}\">Danilo Heitor vive en S\u00e3o Paulo, SP, y es profesor de Geograf\u00eda, anarquista y corinthiano. Navega por los g\u00e9neros de la ficci\u00f3n especulativa y lanz\u00f3 su primer libro, \u00abConsigo\u00bb (Editora Primata), en 2021<\/span>.<a href=\"http:\/\/www.daniloheitor.com.br\"> Site<\/a> |<a href=\"https:\/\/www.instagram.com\/kadjoman\/\"> Instagram<\/a> |<a href=\"https:\/\/twitter.com\/kadjoman\"> Twitter<\/a> |<a href=\"https:\/\/scriv.com.br\/kadjoman\/\"> Scriv<\/a><\/p>\n<p><b>Deborah Happ:<\/b> <span data-sheets-value=\"{&quot;1&quot;:2,&quot;2&quot;:&quot;Escritora y guionista. Tiene cuentos publicados en la Fa\u00edsca, en la Mitografias, en la Gueto y en la Revista Raimundo. Su pr\u00f3xima novela \\&quot;Ana No Viene M\u00e1s\\&quot;, por la Editora Avec, est\u00e1 en la prensa.&quot;}\" data-sheets-userformat=\"{&quot;2&quot;:897,&quot;3&quot;:{&quot;1&quot;:0},&quot;10&quot;:1,&quot;11&quot;:4,&quot;12&quot;:0}\">Escritora y guionista. Tiene cuentos publicados en la Fa\u00edsca, en la Mitografias, en la Gueto y en la Revista Raimundo. Su pr\u00f3xima novela \u00abAna No Viene M\u00e1s\u00bb, por la Editora Avec, est\u00e1 en la prensa.<\/span><a href=\"https:\/\/deborahhapp.wixsite.com\/website\"> Site<\/a> |<a href=\"https:\/\/www.instagram.com\/deeeehapp\/\"> Instagram<\/a> |<a href=\"https:\/\/twitter.com\/deeeehapp\"> Twitter<\/a><\/p>\n<p><b>Juliane Vicente: <\/b><span data-sheets-formula-bar-text-style=\"font-size:13px;color:#000000;font-weight:normal;text-decoration:none;font-family:'Arial';font-style:normal;text-decoration-skip-ink:none;\">Es multiartista, escritora, performer, Slammer y cient\u00edfica afrofuturista. Act\u00faa como ministrante de talleres de escritura creativa y posee cuentos publicados y premiados en diversos sellos editoriales nacionales y concursos literarios nacionales e internacionales. Es bailarina del Grupo Andanzas. Como profesora, Doutoranda en Comunicaci\u00f3n y productora cultural investiga la industria creativa con investigaciones y proyectos sobre los procesos de creaci\u00f3n art\u00edstica<\/span>. <a href=\"https:\/\/linktr.ee\/julianevicente\">Site<\/a> |<a href=\"https:\/\/twitter.com\/JuVentania\"> Twitter<\/a> |<a href=\"https:\/\/instagram.com\/juliane.vicente?igshid=YmMyMTA2M2Y=\"> Instagram<\/a><\/p>\n<p><b>Kali de los Santos: <\/b><span data-sheets-value=\"{&quot;1&quot;:2,&quot;2&quot;:&quot;Kali de los Santos es Maestro en Escritura Creativa por la PUCRS, escritore con cuentos publicados en Brasil y en el exterior y dise\u00f1adora de narrativas en Behold Studios.\\n&quot;}\" data-sheets-userformat=\"{&quot;2&quot;:897,&quot;3&quot;:{&quot;1&quot;:0},&quot;10&quot;:1,&quot;11&quot;:4,&quot;12&quot;:0}\">Kali de los Santos es Maestro en Escritura Creativa por la PUCRS, escritore con cuentos publicados en Brasil y en el exterior y dise\u00f1adora de narrativas en Behold Studios<\/span>.<a href=\"http:\/\/www.kalidelossantos.com\"> Site<\/a> |<a href=\"https:\/\/twitter.com\/kalidelossantos\"> Twitter<\/a> |<a href=\"https:\/\/www.instagram.com\/kalidelossantos\"> Instagram<\/a><\/p>\n<p><b><span data-sheets-value=\"{&quot;1&quot;:2,&quot;2&quot;:&quot;Leonardo Alvarez&quot;}\" data-sheets-userformat=\"{&quot;2&quot;:6723,&quot;3&quot;:{&quot;1&quot;:0},&quot;4&quot;:{&quot;1&quot;:2,&quot;2&quot;:16777215},&quot;9&quot;:0,&quot;12&quot;:0,&quot;14&quot;:{&quot;1&quot;:2,&quot;2&quot;:0},&quot;15&quot;:&quot;Arial&quot;}\">Leonardo Alvarez<\/span>: <\/b><span data-sheets-value=\"{&quot;1&quot;:2,&quot;2&quot;:&quot;Traductor, dise\u00f1ador y profesor. Es M\u00e1ster en Dise\u00f1o por la Unesp de Bauru, e investigaci\u00f3n dise\u00f1o emocional, ilustraci\u00f3n y dise\u00f1o editorial. Desarrolla actividades de juegos narrativos con p\u00fablicos intergeneracionales.&quot;}\" data-sheets-userformat=\"{&quot;2&quot;:897,&quot;3&quot;:{&quot;1&quot;:0},&quot;10&quot;:1,&quot;11&quot;:4,&quot;12&quot;:0}\">Traductor, dise\u00f1ador y profesor. Es M\u00e1ster en Dise\u00f1o por la Unesp de Bauru, e investigaci\u00f3n dise\u00f1o emocional, ilustraci\u00f3n y dise\u00f1o editorial. Desarrolla actividades de juegos narrativos con p\u00fablicos intergeneracionales<\/span>. <a href=\"http:\/\/www.encontrosaleatorios.com.br\">Site<\/a> | <a href=\"https:\/\/twitter.com\/leo_alvarez88\">Twitter<\/a> |<a href=\"https:\/\/instagram.com\/leo_alvarez\"> Instagram<\/a><\/p>\n<p><b>L\u00edgia Colares: <\/b><span data-sheets-value=\"{&quot;1&quot;:2,&quot;2&quot;:&quot;Audiodescriptor, publicista de marketing estrat\u00e9gico, asistente de eventos en Boitempo Editorial, co-anfitri\u00f3n en R\u00e1dio Boitempo podcast y asociado de Untara Products.&quot;}\" data-sheets-userformat=\"{&quot;2&quot;:897,&quot;3&quot;:{&quot;1&quot;:0},&quot;10&quot;:1,&quot;11&quot;:4,&quot;12&quot;:0}\">Audiodescriptor, publicista de marketing estrat\u00e9gico, asistente de eventos en Boitempo Editorial, co-anfitri\u00f3n en R\u00e1dio Boitempo podcast y asociado de Untara Products<\/span>.\u00a0<a href=\"https:\/\/twitter.com\/ligiaccolares\"> Twitter<\/a> |<a href=\"https:\/\/instagram.com\/ligiaccolares\"> Instagram<\/a> |<a href=\"https:\/\/www.untara.com.br\/\"> Untara Produtos<\/a><\/p>\n<p><b>Priscila Saatmam:<\/b> <span data-sheets-value=\"{&quot;1&quot;:2,&quot;2&quot;:&quot;Del estado de Pernambuco, es escritora, podcaster y lectora de sensibilidad. Ella administra el blog Bugiganga Liter\u00e1ria, donde recuerda sus experiencias de lectura y, a veces, lo que ve. Vive con sus 5 gatos.&quot;}\" data-sheets-userformat=\"{&quot;2&quot;:897,&quot;3&quot;:{&quot;1&quot;:0},&quot;10&quot;:1,&quot;11&quot;:4,&quot;12&quot;:0}\">Del estado de Pernambuco, es escritora, podcaster y lectora de sensibilidad. Ella administra el blog Bugiganga Liter\u00e1ria, donde recuerda sus experiencias de lectura y, a veces, lo que ve. Vive con sus 5 gatos.<\/span><a href=\"https:\/\/bugigangaliteraria.blogspot.com\/?m=1\"> Site<\/a> |<a href=\"https:\/\/twitter.com\/thepristar?s=09\"> Twitter<\/a><\/p>\n<p><b>Renata Oliveira do Prado<\/b>\u00a0 <span data-sheets-value=\"{&quot;1&quot;:2,&quot;2&quot;:&quot;Periodista, escritora y social media, Renata le gusta leer sobre escritura creativa, cr\u00edtica literaria, filosof\u00eda, feminismo y dachshunds. Estudia literatura hispanoamericana, con foco en el ins\u00f3lito ficcional escrito por mujeres latinoamericanas. &quot;}\" data-sheets-userformat=\"{&quot;2&quot;:897,&quot;3&quot;:{&quot;1&quot;:0},&quot;10&quot;:1,&quot;11&quot;:4,&quot;12&quot;:0}\">Periodista, escritora y social media, Renata le gusta leer sobre escritura creativa, cr\u00edtica literaria, filosof\u00eda, feminismo y dachshunds. Estudia literatura hispanoamericana, con foco en el ins\u00f3lito ficcional escrito por mujeres latinoamericanas<\/span>.<a href=\"https:\/\/www.instagram.com\/srtarenata\"> Instagram<\/a> |<a href=\"https:\/\/twitter.com\/srtarenata\"> Twitter<\/a><\/p>\n<\/div>\n<p><\/p>\n<p><\/p>","protected":false},"excerpt":{"rendered":"<p>COORDINACI\u00d3N Bruno M\u00fcller: \u00a0Educador de arte, dise\u00f1ador y traductor, enfocado en juegos narrativos, ilustraci\u00f3n y cartograf\u00eda fant\u00e1stica Site | Twitter | Instagram | Encontros Aleat\u00f3rios Deborah Happ: Escritora y guionista de terror social y, en ocasiones, poes\u00eda. Co-creadora de Fant\u00e1stika 451. Cuentos publicados en los libros \u00abCurva do Rio\u00bb, de la editora Giostri, \u00abCarne de [&hellip;]<\/p>\n","protected":false},"author":1,"featured_media":0,"parent":0,"menu_order":0,"comment_status":"closed","ping_status":"closed","template":"","meta":{"footnotes":""},"class_list":["post-510","page","type-page","status-publish","hentry"],"_links":{"self":[{"href":"https:\/\/relampeio.com.br\/es\/wp-json\/wp\/v2\/pages\/510","targetHints":{"allow":["GET"]}}],"collection":[{"href":"https:\/\/relampeio.com.br\/es\/wp-json\/wp\/v2\/pages"}],"about":[{"href":"https:\/\/relampeio.com.br\/es\/wp-json\/wp\/v2\/types\/page"}],"author":[{"embeddable":true,"href":"https:\/\/relampeio.com.br\/es\/wp-json\/wp\/v2\/users\/1"}],"replies":[{"embeddable":true,"href":"https:\/\/relampeio.com.br\/es\/wp-json\/wp\/v2\/comments?post=510"}],"version-history":[{"count":13,"href":"https:\/\/relampeio.com.br\/es\/wp-json\/wp\/v2\/pages\/510\/revisions"}],"predecessor-version":[{"id":658,"href":"https:\/\/relampeio.com.br\/es\/wp-json\/wp\/v2\/pages\/510\/revisions\/658"}],"wp:attachment":[{"href":"https:\/\/relampeio.com.br\/es\/wp-json\/wp\/v2\/media?parent=510"}],"curies":[{"name":"wp","href":"https:\/\/api.w.org\/{rel}","templated":true}]}}