{"id":377,"date":"2021-03-08T15:05:12","date_gmt":"2021-03-08T15:05:12","guid":{"rendered":"http:\/\/relampeio.com.br\/?page_id=377"},"modified":"2021-03-08T15:05:12","modified_gmt":"2021-03-08T15:05:12","slug":"programacao-2020","status":"publish","type":"page","link":"https:\/\/relampeio.com.br\/es\/anos-anteriores\/relampeio-2020\/programacao-2020\/","title":{"rendered":"Programaci\u00f3n 2020"},"content":{"rendered":"<p><i><span style=\"font-weight: 400;\">Se puede cambiar. Zona horaria de Bras\u00edlia (-3 UTC)<\/span><\/i><\/p>\n<p>Todas las entrevistas ser\u00e1n transmitidas y estar\u00e1n disponibles a trav\u00e9s de nuestro <a href=\"https:\/\/bit.ly\/RelampeioYT\">canal de YouTube<\/a>.<\/p>\n<h5><b>VIERNES, 12\/6<\/b><\/h5>\n<h6><b>13h | coN Libia Brenda (M\u00e9xico)<\/b><\/h6>\n<p><span style=\"font-weight: 400;\">Idioma: Espa\u00f1ol<\/span><\/p>\n<p><span style=\"font-weight: 400;\">Coordenaci\u00f3n: Ana R\u00fcsche y Renata do Prado<\/span><\/p>\n<p><span style=\"font-weight: 400;\">Participaci\u00f3n: Mayara Barbosa y Toni Moraes<\/span><i><\/i><\/p>\n<p><a href=\"https:\/\/www.youtube.com\/watch?v=isit_nweDBs\">Miralo aqui<\/a><\/p>\n<p>&nbsp;<\/p>\n<h6><b>15h | <\/b><b>coN <\/b><b>Bill Campbell (EEUU)<\/b><\/h6>\n<p><span style=\"font-weight: 400;\">Idioma: Ingl\u00e9s<\/span><\/p>\n<p><span style=\"font-weight: 400;\">Coordenaci\u00f3n: Kali de los Santos<\/span><\/p>\n<p><span style=\"font-weight: 400;\">Participaci\u00f3n: F\u00e1bio Kabral y Iana Ara\u00fajo<\/span><i><\/i><\/p>\n<p><a href=\"https:\/\/www.youtube.com\/watch?v=smzIdQ3bcTU\">Miralo aqui<\/a><\/p>\n<p>&nbsp;<\/p>\n<h6><b>17h | con Teresa P. Mira de Echeverr\u00eda (Argentina)<\/b><\/h6>\n<p><span style=\"font-weight: 400;\">Idioma: Espa\u00f1ol<\/span><\/p>\n<p><span style=\"font-weight: 400;\">Coordenaci\u00f3n: Ligia Colares<\/span><\/p>\n<p><span style=\"font-weight: 400;\">Participaci\u00f3n: Giovana Bomentre y Lav\u00ednia Rocha<\/span><i><\/i><\/p>\n<p><a href=\"https:\/\/www.youtube.com\/watch?v=wwNcKKjJKHg\">Miralo aqui<\/a><\/p>\n<p>&nbsp;<\/p>\n<h5><b>S\u00c1BADO, 13\/6<\/b><\/h5>\n<h6><b>10H | con Xia Jia (China)<\/b><\/h6>\n<p><span style=\"font-weight: 400;\">Idioma: Ingl\u00e9s<\/span><\/p>\n<p><span style=\"font-weight: 400;\">Coordenaci\u00f3n: Kali de los Santos<\/span><\/p>\n<p><span style=\"font-weight: 400;\">Participaci\u00f3n: Andr\u00e9 C\u00e1ceres y Nikelen Witter [oficializado]<\/span><i><\/i><\/p>\n<p><a href=\"https:\/\/www.youtube.com\/watch?v=SkLqD-VQgQw\">Miralo aqui<\/a><\/p>\n<p>&nbsp;<\/p>\n<h6><b>13h | Con Thomas Olde Heuvelt (Pa\u00edses Bajos)<\/b><\/h6>\n<p><span style=\"font-weight: 400;\">Idioma: Ingl\u00e9s<\/span><\/p>\n<p><span style=\"font-weight: 400;\">Coordenaci\u00f3n: Jana Bianchi<\/span><\/p>\n<p><span style=\"font-weight: 400;\">Participaci\u00f3n: Anne Quiangala y Carol Chiovatto<\/span><\/p>\n<p><span style=\"font-weight: 400;\"><a href=\"https:\/\/www.youtube.com\/watch?v=7MdIAsxIZsM\">Miralo aqui<\/a><\/span><\/p>\n<p>&nbsp;<\/p>\n<h6><b>14h30 | coN Kiini Ibura Salaam (EEUU)<\/b><\/h6>\n<p><span style=\"font-weight: 400;\">Idioma: Ingl\u00e9s<\/span><\/p>\n<p><span style=\"font-weight: 400;\">Coordenaci\u00f3n: Deborah Happ<\/span><\/p>\n<p><span style=\"font-weight: 400;\">Participaci\u00f3n: Ian Fraser, Hailey Kaas<\/span><i><\/i><\/p>\n<p><a href=\"https:\/\/www.youtube.com\/watch?v=VtVldjZZ2nA\">Miralo aqui<\/a><\/p>\n<p><span style=\"font-weight: 400;\">\u00a0\u00a0\u00a0<\/span> <span style=\"font-weight: 400;\">\u00a0<\/span><\/p>\n<h6><b>17h | coN Francesco Verso (It\u00e1lia)<\/b><\/h6>\n<p><span style=\"font-weight: 400;\">Idioma: Ingl\u00e9s<\/span><\/p>\n<p><span style=\"font-weight: 400;\">Coordenaci\u00f3n: Pet\u00ea Rissatti<\/span><\/p>\n<p><span style=\"font-weight: 400;\">Participaci\u00f3n: F\u00e1bio Fernandes y Waldson de Sousa<\/span><i><\/i><\/p>\n<p><a href=\"https:\/\/www.youtube.com\/watch?v=7ESO_Jfj35s\">Miralo aqui<\/a><\/p>\n<p>&nbsp;<\/p>\n<h5><b>DOMINGO, 14\/6<\/b><\/h5>\n<h6><b>13h | con Elizabeth Ginway (EEUU)<\/b><\/h6>\n<p><span style=\"font-weight: 400;\">Idioma: Portugu\u00e9s<\/span><\/p>\n<p><span style=\"font-weight: 400;\">Coordenaci\u00f3n: Fernanda Castro<\/span><\/p>\n<p><span style=\"font-weight: 400;\">Participaci\u00f3n: Elton Furlanetto y S\u00e9rgio Motta<\/span><i><\/i><\/p>\n<p><a href=\"https:\/\/youtu.be\/XyC7VSkyGRM\">Miralo aqui<\/a><\/p>\n<p>&nbsp;<\/p>\n<h6><b>17h | coN Neil Clarke (EEUU)<\/b><\/h6>\n<p><span style=\"font-weight: 400;\">Idioma: Ingl\u00e9s<\/span><\/p>\n<p><span style=\"font-weight: 400;\">Coordenaci\u00f3n: Jana Bianchi<\/span><\/p>\n<p><span style=\"font-weight: 400;\">Participaci\u00f3n: Anna Martino y Jim Anotsu<\/span><i><\/i><\/p>\n<p><a href=\"https:\/\/youtu.be\/CnkU4cqvy3k\">Miralo aqui<\/a><\/p>","protected":false},"excerpt":{"rendered":"<p>Se puede cambiar. Zona horaria de Bras\u00edlia (-3 UTC) Todas las entrevistas ser\u00e1n transmitidas y estar\u00e1n disponibles a trav\u00e9s de nuestro canal de YouTube. VIERNES, 12\/6 13h | coN Libia Brenda (M\u00e9xico) Idioma: Espa\u00f1ol Coordenaci\u00f3n: Ana R\u00fcsche y Renata do Prado Participaci\u00f3n: Mayara Barbosa y Toni Moraes Miralo aqui &nbsp; 15h | coN Bill Campbell [&hellip;]<\/p>\n","protected":false},"author":1,"featured_media":0,"parent":373,"menu_order":0,"comment_status":"closed","ping_status":"closed","template":"","meta":{"footnotes":""},"class_list":["post-377","page","type-page","status-publish","hentry"],"_links":{"self":[{"href":"https:\/\/relampeio.com.br\/es\/wp-json\/wp\/v2\/pages\/377","targetHints":{"allow":["GET"]}}],"collection":[{"href":"https:\/\/relampeio.com.br\/es\/wp-json\/wp\/v2\/pages"}],"about":[{"href":"https:\/\/relampeio.com.br\/es\/wp-json\/wp\/v2\/types\/page"}],"author":[{"embeddable":true,"href":"https:\/\/relampeio.com.br\/es\/wp-json\/wp\/v2\/users\/1"}],"replies":[{"embeddable":true,"href":"https:\/\/relampeio.com.br\/es\/wp-json\/wp\/v2\/comments?post=377"}],"version-history":[{"count":2,"href":"https:\/\/relampeio.com.br\/es\/wp-json\/wp\/v2\/pages\/377\/revisions"}],"predecessor-version":[{"id":381,"href":"https:\/\/relampeio.com.br\/es\/wp-json\/wp\/v2\/pages\/377\/revisions\/381"}],"up":[{"embeddable":true,"href":"https:\/\/relampeio.com.br\/es\/wp-json\/wp\/v2\/pages\/373"}],"wp:attachment":[{"href":"https:\/\/relampeio.com.br\/es\/wp-json\/wp\/v2\/media?parent=377"}],"curies":[{"name":"wp","href":"https:\/\/api.w.org\/{rel}","templated":true}]}}