{"id":205,"date":"2020-06-04T18:00:07","date_gmt":"2020-06-04T18:00:07","guid":{"rendered":"http:\/\/relampeio.com.br\/?page_id=205"},"modified":"2022-05-15T16:49:26","modified_gmt":"2022-05-15T16:49:26","slug":"faq","status":"publish","type":"page","link":"https:\/\/relampeio.com.br\/es\/faq\/","title":{"rendered":"FAQ"},"content":{"rendered":"<p>Pr\u00f3ximamente m\u00e1s informaci\u00f3nPr\u00f3ximamente m\u00e1s informaci\u00f3n<\/p>","protected":false},"excerpt":{"rendered":"<p>Pr\u00f3ximamente m\u00e1s informaci\u00f3nPr\u00f3ximamente m\u00e1s informaci\u00f3n<\/p>\n","protected":false},"author":1,"featured_media":0,"parent":0,"menu_order":0,"comment_status":"closed","ping_status":"closed","template":"","meta":{"footnotes":""},"class_list":["post-205","page","type-page","status-publish","hentry"],"_links":{"self":[{"href":"https:\/\/relampeio.com.br\/es\/wp-json\/wp\/v2\/pages\/205","targetHints":{"allow":["GET"]}}],"collection":[{"href":"https:\/\/relampeio.com.br\/es\/wp-json\/wp\/v2\/pages"}],"about":[{"href":"https:\/\/relampeio.com.br\/es\/wp-json\/wp\/v2\/types\/page"}],"author":[{"embeddable":true,"href":"https:\/\/relampeio.com.br\/es\/wp-json\/wp\/v2\/users\/1"}],"replies":[{"embeddable":true,"href":"https:\/\/relampeio.com.br\/es\/wp-json\/wp\/v2\/comments?post=205"}],"version-history":[{"count":8,"href":"https:\/\/relampeio.com.br\/es\/wp-json\/wp\/v2\/pages\/205\/revisions"}],"predecessor-version":[{"id":551,"href":"https:\/\/relampeio.com.br\/es\/wp-json\/wp\/v2\/pages\/205\/revisions\/551"}],"wp:attachment":[{"href":"https:\/\/relampeio.com.br\/es\/wp-json\/wp\/v2\/media?parent=205"}],"curies":[{"name":"wp","href":"https:\/\/api.w.org\/{rel}","templated":true}]}}