{"id":2,"date":"2020-05-17T17:28:22","date_gmt":"2020-05-17T17:28:22","guid":{"rendered":"http:\/\/relampeio.com.br\/?page_id=2"},"modified":"2022-08-16T02:21:40","modified_gmt":"2022-08-16T02:21:40","slug":"sample-page","status":"publish","type":"page","link":"https:\/\/relampeio.com.br\/es\/","title":{"rendered":"Relampeio Festival"},"content":{"rendered":"<p><\/p>\n<p style=\"text-align: justify;\"><span style=\"font-weight: 400;\">Vivimos tiempos extra\u00f1os. Es un misterio c\u00f3mo se comportar\u00e1 el mundo el pr\u00f3ximo minuto o la pr\u00f3xima d\u00e9cada. En tiempos as\u00ed, las literaturas de lo ins\u00f3lito y la imaginaci\u00f3n golpean como una fuerza unificadora de tres conceptos necesarios para nuestra supervivencia: el arte, la imaginaci\u00f3n y la ciencia.<\/span><\/p>\n<p style=\"text-align: justify;\"><span style=\"font-weight: 400;\">Festival Literario Internacional RELAMPEIO tiene como objetivo reunir autores internacionales de fantas\u00eda, ciencia ficci\u00f3n y horror en entrevistas en vivo transmitidas por <a href=\"https:\/\/bit.ly\/RelampeioYT\">YouTube<\/a>.<\/span><\/p>\n<p>Para m\u00e1s informaci\u00f3n, acceda:<\/p>\n<p><a href=\"https:\/\/relampeio.com.br\/es\/apresentacao\/\">Presentaci\u00f3n<\/a>\u00a0| <a href=\"https:\/\/relampeio.com.br\/es\/quem-somos\/\">Quienes somos<\/a><\/p>\n<p><a href=\"https:\/\/relampeio.com.br\/es\/programacao-2022\/\">Programaci\u00f3n<\/a> | <a href=\"https:\/\/relampeio.com.br\/es\/convidados\/\">Invitados<\/a><\/p>","protected":false},"excerpt":{"rendered":"<p>Vivimos tiempos extra\u00f1os. Es un misterio c\u00f3mo se comportar\u00e1 el mundo el pr\u00f3ximo minuto o la pr\u00f3xima d\u00e9cada. En tiempos as\u00ed, las literaturas de lo ins\u00f3lito y la imaginaci\u00f3n golpean como una fuerza unificadora de tres conceptos necesarios para nuestra supervivencia: el arte, la imaginaci\u00f3n y la ciencia. Festival Literario Internacional RELAMPEIO tiene como objetivo [&hellip;]<\/p>\n","protected":false},"author":1,"featured_media":0,"parent":0,"menu_order":0,"comment_status":"closed","ping_status":"open","template":"","meta":{"footnotes":""},"class_list":["post-2","page","type-page","status-publish","hentry"],"_links":{"self":[{"href":"https:\/\/relampeio.com.br\/es\/wp-json\/wp\/v2\/pages\/2","targetHints":{"allow":["GET"]}}],"collection":[{"href":"https:\/\/relampeio.com.br\/es\/wp-json\/wp\/v2\/pages"}],"about":[{"href":"https:\/\/relampeio.com.br\/es\/wp-json\/wp\/v2\/types\/page"}],"author":[{"embeddable":true,"href":"https:\/\/relampeio.com.br\/es\/wp-json\/wp\/v2\/users\/1"}],"replies":[{"embeddable":true,"href":"https:\/\/relampeio.com.br\/es\/wp-json\/wp\/v2\/comments?post=2"}],"version-history":[{"count":51,"href":"https:\/\/relampeio.com.br\/es\/wp-json\/wp\/v2\/pages\/2\/revisions"}],"predecessor-version":[{"id":693,"href":"https:\/\/relampeio.com.br\/es\/wp-json\/wp\/v2\/pages\/2\/revisions\/693"}],"wp:attachment":[{"href":"https:\/\/relampeio.com.br\/es\/wp-json\/wp\/v2\/media?parent=2"}],"curies":[{"name":"wp","href":"https:\/\/api.w.org\/{rel}","templated":true}]}}