{"id":155,"date":"2020-05-24T19:09:47","date_gmt":"2020-05-24T19:09:47","guid":{"rendered":"http:\/\/relampeio.com.br\/?page_id=155"},"modified":"2022-04-14T01:54:50","modified_gmt":"2022-04-14T01:54:50","slug":"programacao","status":"publish","type":"page","link":"https:\/\/relampeio.com.br\/es\/anos-anteriores\/relampeio-2021\/programacao\/","title":{"rendered":"Programaci\u00f3n 2021"},"content":{"rendered":"<p><em><span style=\"font-weight: 400;\">Se puede cambiar. Zona horaria de Brasilia (UTC -3).<\/span><\/em><\/p>\n<p><em><span style=\"font-weight: 400;\">Todas las mesas se transmitir\u00e1n y estar\u00e1n disponibles en nuestro canal de YouTube.<\/span><\/em><\/p>\n<h3><b>1 de abril &#8211; Jueves<\/b><\/h3>\n<p>&nbsp;<\/p>\n<ul>\n<li aria-level=\"1\"><b>1 pm | El mercado editorial de FFC en Portugal con Luis Cortes Real<\/b><\/li>\n<\/ul>\n<p>&nbsp;<\/p>\n<p><span style=\"font-weight: 400;\">Coordinaci\u00f3n: Priscila Saatman<\/span><\/p>\n<p><span style=\"font-weight: 400;\">Acc\u00e9dalo aqu\u00ed: <\/span><a href=\"https:\/\/youtu.be\/kaifbwFFgD0\"><span style=\"font-weight: 400;\">https:\/\/youtu.be\/kaifbwFFgD0<\/span><\/a><\/p>\n<ul>\n<li style=\"font-weight: 400;\" aria-level=\"1\"><span style=\"font-weight: 400;\">\u00a0<\/span><b>15h | Mujeres en la ciencia ficci\u00f3n china con Regina Kanyu Wang<\/b><\/li>\n<\/ul>\n<p><span style=\"font-weight: 400;\">Coordinaci\u00f3n: Maria Carol Casati<\/span><\/p>\n<p><span style=\"font-weight: 400;\">Acc\u00e9dalo aqu\u00ed: <\/span><a href=\"https:\/\/youtu.be\/FfrwmWzGtvM\"><span style=\"font-weight: 400;\">https:\/\/youtu.be\/FfrwmWzGtvM<\/span><\/a><\/p>\n<ul>\n<li style=\"font-weight: 400;\" aria-level=\"1\"><span style=\"font-weight: 400;\">\u00a0<\/span><b>19h | Ficci\u00f3n extra\u00f1a con Ann Vandermeer<\/b><\/li>\n<\/ul>\n<p><span style=\"font-weight: 400;\">Coordinaci\u00f3n: Ana Meira<\/span><\/p>\n<p><span style=\"font-weight: 400;\">Acc\u00e9dalo aqu\u00ed: <\/span><a href=\"https:\/\/youtu.be\/OGhQIjrvasw\"><span style=\"font-weight: 400;\">https:\/\/youtu.be\/OGhQIjrvasw<\/span><\/a><\/p>\n<p>&nbsp;<\/p>\n<h3><b>02 de abril &#8211; Viernes<\/b><\/h3>\n<p>&nbsp;<\/p>\n<ul>\n<li aria-level=\"1\"><b>13h | Eco-cr\u00edtica en la ciencia ficci\u00f3n con Kim Stanley Robinson<\/b><\/li>\n<\/ul>\n<p>&nbsp;<\/p>\n<p><span style=\"font-weight: 400;\">Coordinaci\u00f3n: Jana Bianchi<\/span><\/p>\n<p><span style=\"font-weight: 400;\">Acc\u00e9dalo aqu\u00ed<\/span><span style=\"font-weight: 400;\">: <\/span><a href=\"https:\/\/youtu.be\/dN66_gizC-o\"><span style=\"font-weight: 400;\">https:\/\/youtu.be\/dN66_gizC-o<\/span><\/a><\/p>\n<p>&nbsp;<\/p>\n<ul>\n<li aria-level=\"1\"><b>15h | Flash Fiction con Mazi Nwonwu<\/b><\/li>\n<\/ul>\n<p>&nbsp;<\/p>\n<p><span style=\"font-weight: 400;\">Coordinaci\u00f3n: Thiago Lee<\/span><\/p>\n<p><span style=\"font-weight: 400;\">Acc\u00e9dalo aqu\u00ed<\/span><span style=\"font-weight: 400;\">: <\/span><a href=\"https:\/\/youtu.be\/_GBMaOvol84\"><span style=\"font-weight: 400;\">https:\/\/youtu.be\/_GBMaOvol84<\/span><\/a><\/p>\n<p>&nbsp;<\/p>\n<ul>\n<li aria-level=\"1\"><b>19h | Ciencia Ficci\u00f3n en Am\u00e9rica Latina con Rodrigo Bastidas y Diego Cepeda<\/b><\/li>\n<\/ul>\n<p>&nbsp;<\/p>\n<p><span style=\"font-weight: 400;\">Coordinaci\u00f3n: Renata Oliveira de Prado<\/span><\/p>\n<p><span style=\"font-weight: 400;\">Acc\u00e9dalo aqu\u00ed<\/span><span style=\"font-weight: 400;\">: <\/span><a href=\"https:\/\/youtu.be\/dch6WNLeqhc\"><span style=\"font-weight: 400;\">https:\/\/youtu.be\/dch6WNLeqhc<\/span><\/a><\/p>\n<p>&nbsp;<\/p>\n<h3><b>3 de abril &#8211; S\u00e1bado<\/b><\/h3>\n<p>&nbsp;<\/p>\n<ul>\n<li aria-level=\"1\"><b>10h | Debates sobre las ciencias sociales en la escritura fant\u00e1stica, la ciencia ficci\u00f3n y las utop\u00edas con Seran Demiral<\/b><\/li>\n<\/ul>\n<p>&nbsp;<\/p>\n<p><span style=\"font-weight: 400;\">Coordinaci\u00f3n: Kali de los Santos<\/span><\/p>\n<p><span style=\"font-weight: 400;\">Acc\u00e9dalo aqu\u00ed: <\/span><a href=\"https:\/\/youtu.be\/0XkFh4_QC9Q\"><span style=\"font-weight: 400;\">https:\/\/youtu.be\/0XkFh4_QC9Q<\/span><\/a><\/p>\n<p>&nbsp;<\/p>\n<ul>\n<li aria-level=\"1\"><b>\u00a015h | Utop\u00edas y distop\u00edas con Nisi Shawl<\/b><\/li>\n<\/ul>\n<p>&nbsp;<\/p>\n<p><span style=\"font-weight: 400;\">Coordinaci\u00f3n: Ana Meira<\/span><\/p>\n<p><span style=\"font-weight: 400;\">Acc\u00e9dalo aqu\u00ed: <\/span><a href=\"https:\/\/youtu.be\/pSX8V5Qia-8\"><span style=\"font-weight: 400;\">https:\/\/youtu.be\/pSX8V5Qia-8<\/span><\/a><\/p>\n<p>&nbsp;<\/p>\n<ul>\n<li aria-level=\"1\"><b>17h | Cuerpos disidentes en ciencia ficci\u00f3n con Cheryl Morgan<\/b><\/li>\n<\/ul>\n<p>&nbsp;<\/p>\n<p><span style=\"font-weight: 400;\">Coordinaci\u00f3n: Samuel Muca<\/span><\/p>\n<p><span style=\"font-weight: 400;\">Acc\u00e9dalo aqu\u00ed: <\/span><a href=\"https:\/\/youtu.be\/-EZgDlNWIWM\"><span style=\"font-weight: 400;\">https:\/\/youtu.be\/-EZgDlNWIWM<\/span><\/a><\/p>\n<p>&nbsp;<\/p>\n<h3><b>4 de abril &#8211; Domingo<\/b><\/h3>\n<p>&nbsp;<\/p>\n<ul>\n<li aria-level=\"1\"><b>9 am | \u00bfC\u00f3mo reinventar el cyberpunk en una sociedad cibern\u00e9tica? con Chen Qiufan<\/b><\/li>\n<\/ul>\n<p>&nbsp;<\/p>\n<p><span style=\"font-weight: 400;\">Coordinaci\u00f3n: Kali de los Santos<\/span><\/p>\n<p><span style=\"font-weight: 400;\">Acc\u00e9dalo aqu\u00ed: <\/span><a href=\"https:\/\/youtu.be\/MbJE9Wf5CLo\"><span style=\"font-weight: 400;\">https:\/\/youtu.be\/MbJE9Wf5CLo<\/span><\/a><b>\u00a0<\/b><\/p>\n<p>&nbsp;<\/p>\n<ul>\n<li aria-level=\"1\"><b>1 pm | Literatura fant\u00e1stica en Francia con Marie-Lucie Bougon<\/b><\/li>\n<\/ul>\n<p>&nbsp;<\/p>\n<p><span style=\"font-weight: 400;\">Coordinaci\u00f3n: Bruno Anselmi Matangrano<\/span><\/p>\n<p><span style=\"font-weight: 400;\">Acc\u00e9dalo aqu\u00ed: <\/span><a href=\"https:\/\/youtu.be\/q4QEYhbLOjE\"><span style=\"font-weight: 400;\">https:\/\/youtu.be\/q4QEYhbLOjE<\/span><\/a><\/p>\n<p>&nbsp;<\/p>\n<ul>\n<li aria-level=\"1\"><b>15h | Fant\u00e1stico en Camer\u00fan y \u00c1frica franc\u00f3fona con Murielle Sandra Tiako Djomatchoua<\/b><\/li>\n<\/ul>\n<p>&nbsp;<\/p>\n<p><span style=\"font-weight: 400;\">Coordinaci\u00f3n: Gi Pausa Dram\u00e1tica<\/span><\/p>\n<p><span style=\"font-weight: 400;\">Acc\u00e9dalo aqu\u00ed: https:\/\/youtu.be\/gCpdQI6WTl0<\/span><\/p>\n<p>&nbsp;<\/p>\n<ul>\n<li aria-level=\"1\"><b>17h | El impacto de la fantas\u00eda y la ciencia ficci\u00f3n en el mundo con Gabriela Dami\u00e1n e Iliana Vargas<\/b><\/li>\n<\/ul>\n<p>&nbsp;<\/p>\n<p><span style=\"font-weight: 400;\">Coordinaci\u00f3n: Priscila Dantas<\/span><\/p>\n<p><span style=\"font-weight: 400;\">Acc\u00e9dalo aqu\u00ed: <\/span><a href=\"https:\/\/youtu.be\/4uF72QdduY8\"><span style=\"font-weight: 400;\">https:\/\/youtu.be\/4uF72QdduY8<\/span><\/a><b>\u00a0<\/b><\/p>\n<p>&nbsp;<\/p>\n<ul>\n<li aria-level=\"1\"><b>19h | El lugar de los libros en el mundo con Amal El-Mohtar<\/b><\/li>\n<\/ul>\n<p>&nbsp;<\/p>\n<p><span style=\"font-weight: 400;\">Coordinaci\u00f3n: Gi Pausa Dram\u00e1tica<\/span><\/p>\n<p><span style=\"font-weight: 400;\">Acc\u00e9dalo aqu\u00ed: <\/span><a href=\"https:\/\/youtu.be\/iWtgQmDu7ag\"><span style=\"font-weight: 400;\">https:\/\/youtu.be\/iWtgQmDu7ag<\/span><\/a><\/p>","protected":false},"excerpt":{"rendered":"<p>Se puede cambiar. Zona horaria de Brasilia (UTC -3). Todas las mesas se transmitir\u00e1n y estar\u00e1n disponibles en nuestro canal de YouTube. 1 de abril &#8211; Jueves &nbsp; 1 pm | El mercado editorial de FFC en Portugal con Luis Cortes Real &nbsp; Coordinaci\u00f3n: Priscila Saatman Acc\u00e9dalo aqu\u00ed: https:\/\/youtu.be\/kaifbwFFgD0 \u00a015h | Mujeres en la ciencia [&hellip;]<\/p>\n","protected":false},"author":1,"featured_media":0,"parent":501,"menu_order":0,"comment_status":"closed","ping_status":"closed","template":"","meta":{"footnotes":""},"class_list":["post-155","page","type-page","status-publish","hentry"],"_links":{"self":[{"href":"https:\/\/relampeio.com.br\/es\/wp-json\/wp\/v2\/pages\/155","targetHints":{"allow":["GET"]}}],"collection":[{"href":"https:\/\/relampeio.com.br\/es\/wp-json\/wp\/v2\/pages"}],"about":[{"href":"https:\/\/relampeio.com.br\/es\/wp-json\/wp\/v2\/types\/page"}],"author":[{"embeddable":true,"href":"https:\/\/relampeio.com.br\/es\/wp-json\/wp\/v2\/users\/1"}],"replies":[{"embeddable":true,"href":"https:\/\/relampeio.com.br\/es\/wp-json\/wp\/v2\/comments?post=155"}],"version-history":[{"count":40,"href":"https:\/\/relampeio.com.br\/es\/wp-json\/wp\/v2\/pages\/155\/revisions"}],"predecessor-version":[{"id":506,"href":"https:\/\/relampeio.com.br\/es\/wp-json\/wp\/v2\/pages\/155\/revisions\/506"}],"up":[{"embeddable":true,"href":"https:\/\/relampeio.com.br\/es\/wp-json\/wp\/v2\/pages\/501"}],"wp:attachment":[{"href":"https:\/\/relampeio.com.br\/es\/wp-json\/wp\/v2\/media?parent=155"}],"curies":[{"name":"wp","href":"https:\/\/api.w.org\/{rel}","templated":true}]}}