{"id":147,"date":"2020-05-24T18:43:39","date_gmt":"2020-05-24T18:43:39","guid":{"rendered":"http:\/\/relampeio.com.br\/?page_id=147"},"modified":"2021-03-30T12:58:10","modified_gmt":"2021-03-30T12:58:10","slug":"apresentacao","status":"publish","type":"page","link":"https:\/\/relampeio.com.br\/es\/apresentacao\/","title":{"rendered":"Presentaci\u00f3n"},"content":{"rendered":"<p><\/p>\n<h4 style=\"text-align: center;\">Un rayo, un rel\u00e1mpago<\/h4>\n<p style=\"text-align: justify;\">Vivimos tiempos extra\u00f1os. Es un misterio c\u00f3mo se comportar\u00e1 el mundo el pr\u00f3ximo minuto o la pr\u00f3xima d\u00e9cada. En tiempos as\u00ed, las literaturas de lo ins\u00f3lito y la imaginaci\u00f3n golpean como una fuerza unificadora de tres conceptos necesarios para nuestra supervivencia: el arte, la imaginaci\u00f3n y la ciencia.<\/p>\n<p style=\"text-align: justify;\">En este momento extraordinario, cuando toda la humanidad se une contra un \u00fanico enemigo com\u00fan, es hora de ampliar nuestra experiencia globalizada. Hay muchos ojos puestos en Brasil, actor singular en esta pandemia debido a un gobierno autoritario que ignora los deberes constitucionales y ataca el pensamiento cient\u00edfico, desmantelando programas de investigaci\u00f3n y destruyendo organismos p\u00fablicos. Como ese gobierno no cumplir\u00e1 con sus obligaciones b\u00e1sicas, es nuestra tarea encontrar un poco de luz en medio del caos.<\/p>\n<p style=\"text-align: justify;\">Por tanto, celebramos RELAMPEIO, un festival literario internacional rel\u00e1mpago. Es un acontecimiento y una celebraci\u00f3n. Una chispa de esperanza y alivio. Todas las personas involucradas en el proyecto donar\u00e1n su tiempo y su fuerza de trabajo para la planificaci\u00f3n general y personal, el dise\u00f1o gr\u00e1fico, la gesti\u00f3n de medios sociales y la traducci\u00f3n. La palabra \u201crelampeio\u201d es un verbo y un sustantivo, y significan \u201ccentellear\u201d o \u201cchispa\u201d en portugu\u00e9s brasile\u00f1o.<\/p>\n<p style=\"text-align: justify;\">Nuestra intenci\u00f3n es reunir a creadores internacionalmente reconocidos por su trabajo en ciencia ficci\u00f3n, horror y literatura fant\u00e1stica para compartir con el p\u00fablico sus viajes y su capacidad de imaginar nuevos futuros y realidades. En este intercambio, podemos arrojar luz sobre la escena literaria brasile\u00f1a, que todav\u00eda juega un papel poco importante en el panorama mundial.<\/p>\n<p style=\"text-align: justify;\">RELAMPEIO nace como un grupo de trabajo: libre, triling\u00fce y abierto al p\u00fablico. Adem\u00e1s, tenemos como objetivo recaudar donaciones para las iniciativas civiles de combate contra la pandemia, proyectos que se encargan de comprar equipos de protecci\u00f3n personal, medicamentos y otros art\u00edculos necesarios para los trabajadores sanitarios y la poblaci\u00f3n en general. Se\u00f1alaremos los proyectos que reciben donaciones entre las entrevistas y animaremos a nuestro p\u00fablico a contribuir a ellos.<\/p>\n<p style=\"text-align: justify;\">En estos tiempos at\u00edpicos, es esencial plantar m\u00e1s historias en el mundo. M\u00e1s voces con lamento, rabia, resistencia y lucha. Hasta que toda esta energ\u00eda se transforme en algo m\u00e1s fuerte. Algo que debe escucharse. Un rayo, un rel\u00e1mpago.<\/p>\n<p><\/p>","protected":false},"excerpt":{"rendered":"<p>Un rayo, un rel\u00e1mpago Vivimos tiempos extra\u00f1os. Es un misterio c\u00f3mo se comportar\u00e1 el mundo el pr\u00f3ximo minuto o la pr\u00f3xima d\u00e9cada. En tiempos as\u00ed, las literaturas de lo ins\u00f3lito y la imaginaci\u00f3n golpean como una fuerza unificadora de tres conceptos necesarios para nuestra supervivencia: el arte, la imaginaci\u00f3n y la ciencia. En este momento [&hellip;]<\/p>\n","protected":false},"author":1,"featured_media":0,"parent":0,"menu_order":0,"comment_status":"closed","ping_status":"closed","template":"","meta":{"footnotes":""},"class_list":["post-147","page","type-page","status-publish","hentry"],"_links":{"self":[{"href":"https:\/\/relampeio.com.br\/es\/wp-json\/wp\/v2\/pages\/147","targetHints":{"allow":["GET"]}}],"collection":[{"href":"https:\/\/relampeio.com.br\/es\/wp-json\/wp\/v2\/pages"}],"about":[{"href":"https:\/\/relampeio.com.br\/es\/wp-json\/wp\/v2\/types\/page"}],"author":[{"embeddable":true,"href":"https:\/\/relampeio.com.br\/es\/wp-json\/wp\/v2\/users\/1"}],"replies":[{"embeddable":true,"href":"https:\/\/relampeio.com.br\/es\/wp-json\/wp\/v2\/comments?post=147"}],"version-history":[{"count":5,"href":"https:\/\/relampeio.com.br\/es\/wp-json\/wp\/v2\/pages\/147\/revisions"}],"predecessor-version":[{"id":439,"href":"https:\/\/relampeio.com.br\/es\/wp-json\/wp\/v2\/pages\/147\/revisions\/439"}],"wp:attachment":[{"href":"https:\/\/relampeio.com.br\/es\/wp-json\/wp\/v2\/media?parent=147"}],"curies":[{"name":"wp","href":"https:\/\/api.w.org\/{rel}","templated":true}]}}