{"id":13,"date":"2020-05-17T17:37:36","date_gmt":"2020-05-17T17:37:36","guid":{"rendered":"http:\/\/relampeio.com.br\/?page_id=13"},"modified":"2022-04-14T01:57:13","modified_gmt":"2022-04-14T01:57:13","slug":"sobre","status":"publish","type":"page","link":"https:\/\/relampeio.com.br\/es\/anos-anteriores\/relampeio-2021\/sobre\/","title":{"rendered":"Quienes somos 2021"},"content":{"rendered":"<p><b>COORDINACI\u00d3N<\/b><\/p>\n<ul>\n<li style=\"font-weight: 400;\" aria-level=\"1\"><b>Ana Meira:<\/b> <span style=\"font-weight: 400;\">:<\/span><span style=\"font-weight: 400;\"> Escritora, traductora y educadora.<\/span><span style=\"font-weight: 400;\">. Autora de la plaquette de poesias <\/span><i><span style=\"font-weight: 400;\">Gravidades<\/span><\/i><span style=\"font-weight: 400;\"> (Primata, 2019), est\u00e1 en la na plaquette independiente <\/span><i><span style=\"font-weight: 400;\">Sutura<\/span><\/i><span style=\"font-weight: 400;\"> (2019) y en la\u00a0 antolog\u00eda Afrofuturismo: O Futuro \u00e9 Nosso (2020) (<\/span><i><span style=\"font-weight: 400;\">Afrofuturismo: el Futuro es Nuestro)<\/span><\/i><span style=\"font-weight: 400;\">.<\/span><a href=\"https:\/\/escritoraanameira.wordpress.com\/\"> <span style=\"font-weight: 400;\">Site<\/span><\/a><span style=\"font-weight: 400;\"> | <\/span><a href=\"https:\/\/twitter.com\/ameiramar\"><span style=\"font-weight: 400;\">Twitter<\/span><\/a><span style=\"font-weight: 400;\"> | <\/span><a href=\"https:\/\/instagram.com\/ameiramar\"><span style=\"font-weight: 400;\">Instagram<\/span><\/a><span style=\"font-weight: 400;\">\u00a0<\/span><\/li>\n<\/ul>\n<ul>\n<li style=\"font-weight: 400;\" aria-level=\"1\"><b>Ana R\u00fcsche<\/b><span style=\"font-weight: 400;\">: <\/span><span style=\"font-weight: 400;\">Escritora, finalista del premio Jabuti con su \u00faltimo libro <\/span><a href=\"https:\/\/monomitoeditorial.com\/produto\/a-telepatia-sao-os-outros\/\"><span style=\"font-weight: 400;\">\u00a0<\/span><i><span style=\"font-weight: 400;\">A telepatia s\u00e3o os outros<\/span><\/i><\/a><span style=\"font-weight: 400;\"> (Monomito, 2019) Tiene un doctorado en estudios de ciencia ficci\u00f3n y utop\u00edas. Participa del consejo editorial de la<\/span><a href=\"https:\/\/fantastika451.com.br\/\"> <span style=\"font-weight: 400;\">\u00a0Revista Fant\u00e1stika 451<\/span><\/a><span style=\"font-weight: 400;\">.<\/span><a href=\"https:\/\/www.instagram.com\/anarusche\/\"><span style=\"font-weight: 400;\"> Instagram<\/span><\/a><span style=\"font-weight: 400;\"> |<\/span><a href=\"https:\/\/anarusche.com\/\"><span style=\"font-weight: 400;\"> Site<\/span><\/a><span style=\"font-weight: 400;\"> |<\/span><a href=\"https:\/\/twitter.com\/anarusche\"><span style=\"font-weight: 400;\"> Twitter<\/span><\/a><span style=\"font-weight: 400;\">\u00a0<\/span><\/li>\n<\/ul>\n<ul>\n<li style=\"font-weight: 400;\" aria-level=\"1\"><b>Bruno Anselmi Matangrano<\/b><b>:<\/b><span style=\"font-weight: 400;\"> Investigador, docente, traductor y autor de los libros <\/span><span style=\"font-weight: 400;\">\u00abContos para uma noite fria\u00bb (Llyr, 2014) (<\/span><span style=\"font-weight: 400;\">\u00abCuentos para una noche fr\u00eda\u00bb) y <\/span><span style=\"font-weight: 400;\">\u00abFant\u00e1stico Brasileiro: o ins\u00f3lito liter\u00e1rio do romantismo ao fantasismo\u00bb (Arte &amp; Letra, 2018) (<\/span><span style=\"font-weight: 400;\">\u00abFant\u00e1stico Brasileiro: lo ins\u00f3lito literario del romanticismo al fantasma\u00bb), escrito con En\u00e9ias Tavares. Doctor en Letras, investiga la literatura simbolista, decadente y fant\u00e1stica<\/span><span style=\"font-weight: 400;\">.<\/span><a href=\"https:\/\/www.researchgate.net\/profile\/Bruno-Anselmi-Matangrano\"> <span style=\"font-weight: 400;\">ResearchGate<\/span><\/a><span style=\"font-weight: 400;\"> |<\/span><a href=\"https:\/\/usp-br.academia.edu\/BAnselmiMatangrano\"> <span style=\"font-weight: 400;\">Academia.edu<\/span><\/a><\/li>\n<\/ul>\n<ul>\n<li style=\"font-weight: 400;\" aria-level=\"1\"><b>Bruno M\u00fcller<\/b><b>:<\/b> <span style=\"font-weight: 400;\">\u00a0Educador de arte, dise\u00f1ador y traductor, enfocado en juegos narrativos, ilustraci\u00f3n y cartograf\u00eda fant\u00e1stica<\/span><a href=\"http:\/\/brunomuller.net\/\"> <span style=\"font-weight: 400;\">Site<\/span><\/a><span style=\"font-weight: 400;\"> |<\/span><a href=\"https:\/\/twitter.com\/brnmuller\"> <span style=\"font-weight: 400;\">Twitter<\/span><\/a><span style=\"font-weight: 400;\"> |<\/span><a href=\"https:\/\/instagram.com\/brnmuller\"> <span style=\"font-weight: 400;\">Instagram<\/span><\/a><span style=\"font-weight: 400;\"> |<\/span><a href=\"http:\/\/encontrosaleatorios.com.br\/\"> <span style=\"font-weight: 400;\">Encontros Aleat\u00f3rios<\/span><\/a><span style=\"font-weight: 400;\">\u00a0<\/span><\/li>\n<\/ul>\n<ul>\n<li style=\"font-weight: 400;\" aria-level=\"1\"><b>Deborah Happ:<\/b><span style=\"font-weight: 400;\"> Escritora y guionista de terror social y, en ocasiones, poes\u00eda.<\/span> <span style=\"font-weight: 400;\">Co-creadora de Fant\u00e1stika 451. Cuentos publicados en los libros \u00abCurva do Rio\u00bb, de la editora Giostri, \u00abCarne de Carnaval\u00bb, de la editora Patu\u00e1, y otras obras por venir.<\/span><a href=\"https:\/\/deborahhapp.herokuapp.com\/\"> <span style=\"font-weight: 400;\">Site<\/span><\/a> <span style=\"font-weight: 400;\">|<\/span><a href=\"https:\/\/www.instagram.com\/deeeehapp\/\"> <span style=\"font-weight: 400;\">Instagram<\/span><\/a><span style=\"font-weight: 400;\"> |<\/span><a href=\"https:\/\/twitter.com\/deeeehapp\"> <span style=\"font-weight: 400;\">Twitter<\/span><\/a><span style=\"font-weight: 400;\"> |<\/span><a href=\"https:\/\/deborah-happ.minestore.com.br\/\"> <span style=\"font-weight: 400;\">Loja<\/span><\/a><\/li>\n<\/ul>\n<ul>\n<li style=\"font-weight: 400;\" aria-level=\"1\"><b>Gi Pausa Dram\u00e1tica:<\/b><span style=\"font-weight: 400;\"> Trabaja en la edici\u00f3n y traducci\u00f3n de libros<\/span><span style=\"font-weight: 400;\">, <\/span><span style=\"font-weight: 400;\">curadora poes\u00eda en el bolet\u00edn <\/span><i><span style=\"font-weight: 400;\">Ponto sem N\u00f3<\/span><\/i><span style=\"font-weight: 400;\">, escribe rese\u00f1as literarias en <\/span><i><span style=\"font-weight: 400;\">Sem Serifa<\/span><\/i><span style=\"font-weight: 400;\"> y habla sobre sexualidad en <\/span><i><span style=\"font-weight: 400;\">Agora Pare<\/span><\/i><span style=\"font-weight: 400;\">. Escribe cuando la vida se lo permite y baila para equilibrar el resto.<\/span><a href=\"http:\/\/www.youtube.com\/agorapare\"> <span style=\"font-weight: 400;\">Youtube<\/span><\/a><span style=\"font-weight: 400;\"> |<\/span><a href=\"https:\/\/twitter.com\/gisomente\"> <span style=\"font-weight: 400;\">Twitter<\/span><\/a><span style=\"font-weight: 400;\"> |<\/span><a href=\"https:\/\/instagram.com\/gisomente\"> <span style=\"font-weight: 400;\">Instagram<\/span><\/a><\/li>\n<\/ul>\n<ul>\n<li style=\"font-weight: 400;\" aria-level=\"1\"><b>Jana Bianchi <\/b><span style=\"font-weight: 400;\">es escritora, traductora de libros, c\u00f3mics y juegos de mesa,<\/span> <span style=\"font-weight: 400;\">editora jefe de<\/span><a href=\"https:\/\/mafagaforevista.com.br\/\"> <span style=\"font-weight: 400;\">\u00a0<\/span><span style=\"font-weight: 400;\">Revista Mafagafo<\/span><\/a><span style=\"font-weight: 400;\">, <\/span><span style=\"font-weight: 400;\">coanfitriona del podcast<\/span><a href=\"http:\/\/curtaficcao.blubrry.com\/\"> <span style=\"font-weight: 400;\">\u00a0<\/span><span style=\"font-weight: 400;\">Curta Fic\u00e7\u00e3o<\/span><\/a><span style=\"font-weight: 400;\"> y caminante de hombres lobo. Entre otros, public\u00f3 la telenovela<\/span><a href=\"https:\/\/janabianchi.com.br\/lobo-de-rua\/\"> <span style=\"font-weight: 400;\">\u00a0<\/span><i><span style=\"font-weight: 400;\">Lobo de rua<\/span><\/i><\/a><span style=\"font-weight: 400;\"> (2016, Dame Blanche). <\/span><a href=\"https:\/\/www.instagram.com\/janapbianchi\"><span style=\"font-weight: 400;\">\u00a0<\/span><span style=\"font-weight: 400;\">Instagram<\/span><\/a><span style=\"font-weight: 400;\"> |<\/span><a href=\"https:\/\/janabianchi.com.br\/\"> <span style=\"font-weight: 400;\">Site<\/span><\/a><span style=\"font-weight: 400;\"> |<\/span><a href=\"https:\/\/twitter.com\/janapbianchi\"> <span style=\"font-weight: 400;\">Twitter<\/span><\/a><\/li>\n<\/ul>\n<ul>\n<li style=\"font-weight: 400;\" aria-level=\"1\"><b>Kali de los Santos: <\/b><span style=\"font-weight: 400;\">Traductora, escritora y guionista de terror, fantas\u00eda y ciencia ficci\u00f3n, dise\u00f1adora narrativa de juegos e investigadora en Escritura Creativa. Tiene cuentos publicados en antolog\u00edas en Brasil y en la revista Strange Horizons.<\/span><a href=\"http:\/\/www.kalidelossantos.com\/\"> <span style=\"font-weight: 400;\">Site<\/span><\/a><span style=\"font-weight: 400;\"> |<\/span><a href=\"https:\/\/twitter.com\/kalidelossantos\"> <span style=\"font-weight: 400;\">Twitter<\/span><\/a><span style=\"font-weight: 400;\"> |<\/span><a href=\"https:\/\/www.instagram.com\/kalidelossantos\"> <span style=\"font-weight: 400;\">Instagram<\/span><\/a><\/li>\n<\/ul>\n<ul>\n<li style=\"font-weight: 400;\" aria-level=\"1\"><b>L\u00edgia Colares: <\/b><span style=\"font-weight: 400;\">Publicit\u00e1ria enfocada al marketing digital. Trabaja en la comunicaci\u00f3n de Monomito Editorial, es coanfitriona del podcast literario Boteco dos Versados \u200b\u200by columnista del portal de noticias Geek &amp; Feminist<\/span><a href=\"https:\/\/twitter.com\/ligiaccolares\"> <span style=\"font-weight: 400;\">Twitter<\/span><\/a><span style=\"font-weight: 400;\"> |<\/span><a href=\"https:\/\/instagram.com\/ligiaccolares\"> <span style=\"font-weight: 400;\">Instagram<\/span><\/a><span style=\"font-weight: 400;\"> |<\/span><a href=\"https:\/\/open.spotify.com\/show\/1UFPXneZBzZiDMLnT5MO2H?si=R00Y-2nASxqe5b8zJ24xgA&amp;nd=1\"> <span style=\"font-weight: 400;\">Podcast Boteco dos Versados<\/span><\/a><span style=\"font-weight: 400;\"> |<\/span><a href=\"https:\/\/geeknfeminist.com.br\/\"> <span style=\"font-weight: 400;\">Geek &amp; Feminist<\/span><\/a><\/li>\n<li aria-level=\"1\"><b>Maria Carol Casati <\/b><span style=\"font-weight: 400;\">\u00e9 professora, escreve e se dedica a pesquisas usando a metodologia da hist\u00f3ria oral. \u00c9 idealizadora do @encruzilinhas, doutoranda da EACH-USP, do Programa de P\u00f3s-Gradua\u00e7\u00e3o em Mudan\u00e7a Social e Participa\u00e7\u00e3o Pol\u00edtica. <\/span><a href=\"https:\/\/www.instagram.com\/encruzilinhas\"><span style=\"font-weight: 400;\">Instagram<\/span><\/a><\/li>\n<li aria-level=\"1\"><b>Mayara Barbosa<\/b><span style=\"font-weight: 400;\"> \u00e9 formada em Letras pela USP. \u00c9 pesquisadora e desenvolveu inicia\u00e7\u00e3o cient\u00edfica em Literatura Comparada sobre ra\u00e7a, g\u00eanero e afrofuturismo em Kindred, de Octavia Butler. <\/span><a href=\"https:\/\/www.instagram.com\/_semtitulo_\"><span style=\"font-weight: 400;\">Instagram<\/span><\/a><span style=\"font-weight: 400;\"> |<\/span> <a href=\"https:\/\/twitter.com\/Mdemisandrica\"><span style=\"font-weight: 400;\">Twitter<\/span><\/a><span style=\"font-weight: 400;\">\u00a0<\/span><\/li>\n<\/ul>\n<ul>\n<li style=\"font-weight: 400;\" aria-level=\"1\"><b>Priscila Saatmam:<\/b><span style=\"font-weight: 400;\">\u00a0 Escritora, activista por causas de personas con discapacidades, parte del equipo de podcasts: Boteco dos Versados \u200b\u200by Central PwD. Escribe sobre sus experiencias literarias en el Blog Bugiganga Liter\u00e1ria<\/span><span style=\"font-weight: 400;\">. <\/span><span style=\"font-weight: 400;\">Actualmente vive en Pernambuco con sus tres gatos.<\/span><a href=\"https:\/\/bugigangaliteraria.blogspot.com\/?m=1\"> <span style=\"font-weight: 400;\">Site<\/span><\/a><span style=\"font-weight: 400;\"> |<\/span><a href=\"https:\/\/twitter.com\/thepristar?s=09\"> <span style=\"font-weight: 400;\">Twitter<\/span><\/a><\/li>\n<\/ul>\n<ul>\n<li style=\"font-weight: 400;\" aria-level=\"1\"><b>Renata Oliveira do Prado<\/b><span style=\"font-weight: 400;\">\u00a0 es periodista, locutora, escritora, social media en<\/span><a href=\"https:\/\/revistapesquisa.fapesp.br\/\"> <span style=\"font-weight: 400;\">\u00a0Revista Pesquisa FAPESP<\/span><\/a><span style=\"font-weight: 400;\"> y forma parte del consejo editorial de<\/span><a href=\"https:\/\/fantastika451.com.br\/\"><span style=\"font-weight: 400;\"> Revista Fant\u00e1stika 451<\/span><\/a><span style=\"font-weight: 400;\">. Siempre est\u00e1 leyendo y estudiando algo sobre literatura, cr\u00edtica, filosof\u00eda o cine. Actualmente se ha dedicado a investigar literatura fant\u00e1stica escrita por mujeres en Am\u00e9rica Latina, teor\u00eda queer y feminismo decolonial..<\/span><a href=\"https:\/\/www.instagram.com\/srtarenata\"><span style=\"font-weight: 400;\"> Instagram<\/span><\/a><span style=\"font-weight: 400;\"> |<\/span><a href=\"https:\/\/twitter.com\/srtarenata\"><span style=\"font-weight: 400;\"> Twitter<\/span><\/a><\/li>\n<\/ul>\n<ul>\n<li style=\"font-weight: 400;\" aria-level=\"1\"><b>Samuel Muca<\/b><b>:<\/b> <span style=\"font-weight: 400;\">Blind Amazon, activista del PCD, ecosocialista, cr\u00edtico literario y podcaster en el podcast Boteco dos Versados, Multiverso X y Pindorama. <\/span><span style=\"font-weight: 400;\">.<\/span><a href=\"https:\/\/instagram.com\/samuelmuca_dd?igshid=141pwity6bot9\"> <span style=\"font-weight: 400;\">Instagram<\/span><\/a><span style=\"font-weight: 400;\"> |<\/span><a href=\"https:\/\/twitter.com\/samuelmuca_?s=21\"> <span style=\"font-weight: 400;\">Twitter<\/span><\/a><span style=\"font-weight: 400;\"> |<\/span><a href=\"https:\/\/open.spotify.com\/show\/1UFPXneZBzZiDMLnT5MO2H?si=R00Y-2nASxqe5b8zJ24xgA&amp;nd=1\"> <span style=\"font-weight: 400;\">Podcast Boteco dos Versados<\/span><\/a><\/li>\n<\/ul>\n<ul>\n<li style=\"font-weight: 400;\" aria-level=\"1\"><b>Thiago Lee<\/b><span style=\"font-weight: 400;\"> es escritor y presentador de podcasts en<\/span><a href=\"http:\/\/curtaficcao.blubrry.com\/\"> <span style=\"font-weight: 400;\">\u00a0<\/span><span style=\"font-weight: 400;\">Curta Fic\u00e7\u00e3o<\/span><\/a><span style=\"font-weight: 400;\">. Su libro m\u00e1s reciente es<\/span><a href=\"https:\/\/thiagolee.com.br\/portfolio\/o-homem-vazio-em-breve\/\"> <i><span style=\"font-weight: 400;\">O homem vazio<\/span><\/i><\/a><span style=\"font-weight: 400;\"> (2018, independente).<\/span><a href=\"https:\/\/www.instagram.com\/thiagoeulee\"> <span style=\"font-weight: 400;\">Instagram<\/span><\/a><span style=\"font-weight: 400;\"> | <\/span><a href=\"https:\/\/thiagolee.com.br\/\"><span style=\"font-weight: 400;\">Site<\/span><\/a><span style=\"font-weight: 400;\"> |<\/span><a href=\"https:\/\/twitter.com\/thiagoeulee\"> <span style=\"font-weight: 400;\">Twitter<\/span><\/a><\/li>\n<\/ul>\n<ul>\n<li style=\"font-weight: 400;\" aria-level=\"1\"><b>Priscila Dantas:<\/b><span style=\"font-weight: 400;\"> actualmente divide las tareas entre la investigaci\u00f3n de la maestr\u00eda en Literatura Hispanoamericana, enfocada en la distop\u00eda producida en el siglo XXI en Argentina y la publicaci\u00f3n de textos en el blog.\u00a0 <\/span><a href=\"https:\/\/www.instagram.com\/priscilibus\"><span style=\"font-weight: 400;\">Instagram<\/span><\/a><span style=\"font-weight: 400;\"> |<\/span><a href=\"http:\/\/priscilibus.com.br\"><span style=\"font-weight: 400;\"> Site<\/span><\/a><\/li>\n<li aria-level=\"1\"><\/li>\n<\/ul>\n<p><\/p>","protected":false},"excerpt":{"rendered":"<p>COORDINACI\u00d3N Ana Meira: : Escritora, traductora y educadora.. Autora de la plaquette de poesias Gravidades (Primata, 2019), est\u00e1 en la na plaquette independiente Sutura (2019) y en la\u00a0 antolog\u00eda Afrofuturismo: O Futuro \u00e9 Nosso (2020) (Afrofuturismo: el Futuro es Nuestro). Site | Twitter | Instagram\u00a0 Ana R\u00fcsche: Escritora, finalista del premio Jabuti con su \u00faltimo [&hellip;]<\/p>\n","protected":false},"author":1,"featured_media":0,"parent":501,"menu_order":0,"comment_status":"closed","ping_status":"closed","template":"","meta":{"footnotes":""},"class_list":["post-13","page","type-page","status-publish","hentry"],"_links":{"self":[{"href":"https:\/\/relampeio.com.br\/es\/wp-json\/wp\/v2\/pages\/13","targetHints":{"allow":["GET"]}}],"collection":[{"href":"https:\/\/relampeio.com.br\/es\/wp-json\/wp\/v2\/pages"}],"about":[{"href":"https:\/\/relampeio.com.br\/es\/wp-json\/wp\/v2\/types\/page"}],"author":[{"embeddable":true,"href":"https:\/\/relampeio.com.br\/es\/wp-json\/wp\/v2\/users\/1"}],"replies":[{"embeddable":true,"href":"https:\/\/relampeio.com.br\/es\/wp-json\/wp\/v2\/comments?post=13"}],"version-history":[{"count":22,"href":"https:\/\/relampeio.com.br\/es\/wp-json\/wp\/v2\/pages\/13\/revisions"}],"predecessor-version":[{"id":508,"href":"https:\/\/relampeio.com.br\/es\/wp-json\/wp\/v2\/pages\/13\/revisions\/508"}],"up":[{"embeddable":true,"href":"https:\/\/relampeio.com.br\/es\/wp-json\/wp\/v2\/pages\/501"}],"wp:attachment":[{"href":"https:\/\/relampeio.com.br\/es\/wp-json\/wp\/v2\/media?parent=13"}],"curies":[{"name":"wp","href":"https:\/\/api.w.org\/{rel}","templated":true}]}}